{"id":371,"date":"2021-07-01T12:28:57","date_gmt":"2021-07-01T10:28:57","guid":{"rendered":"https:\/\/letangauxpetitsoignons.org\/?page_id=371"},"modified":"2025-11-30T19:07:36","modified_gmt":"2025-11-30T18:07:36","slug":"contrat-pomme-poire","status":"publish","type":"page","link":"https:\/\/letangauxpetitsoignons.org\/index.php\/contrat-pomme-poire\/","title":{"rendered":"Contrat Pommes \/ Poires"},"content":{"rendered":"\n<figure class=\"wp-block-image size-large\"><img decoding=\"async\" loading=\"lazy\" width=\"525\" height=\"270\" src=\"https:\/\/i0.wp.com\/letangauxpetitsoignons.org\/wp-content\/uploads\/2025\/11\/Ferme-de-la-Haye-pdf.jpg?resize=525%2C270&#038;ssl=1\" alt=\"\" class=\"wp-image-2379\" data-recalc-dims=\"1\"\/><\/figure>\n\n\n\n<p>Comme l&rsquo;ann\u00e9e derni\u00e8re, la Ferme de la Haye \u00e0 Villepreux nous propose un contrat pommes\/poires \u00e0 partir du 5 septembre 2025 et jusqu&rsquo;au 17 avril 2026. <\/p>\n\n\n\n<p><\/p>\n\n\n\n<p>Cette fois-ci, vous avez au choix des paniers de 5kg et de 3kg tous les 15 jours en semaine paire.&nbsp;(Dates de distribution : 5 et 19 septembre &#8211; 3, 17 et 31 octobre &#8211; 14 et 28 novembre &#8211; 12 d\u00e9cembre 2025 &#8211; 9 et 23 janvier &#8211; 6 et 20 f\u00e9vrier &#8211; 6 et 20 mars &#8211; 3 et 17 avril 2026.<\/p>\n\n\n\n<p><\/p>\n\n\n\n<p>&nbsp;Il y aura des pommes et des poires jusqu&rsquo;\u00e0 d\u00e9but f\u00e9vrier, mais les 5 derniers cageots du 20 f\u00e9vrier au 17 avril ne comporteront plus que des pommes.<\/p>\n\n\n\n<p>Si vous souhaitez souscrire au contrat, veuillez vous connecter sur le site AMAPJ ici : <a href=\"https:\/\/t1.amapj.fr\/p\/etang-la-ville\" data-type=\"link\" data-id=\"https:\/\/t1.amapj.fr\/p\/etang-la-ville\">https:\/\/t1.amapj.fr\/p\/etang-la-ville<\/a><\/p>\n\n\n\n<p>N\u2019h\u00e9sitez pas \u00e0 en parler autour de vous &#8211; on peut souscrire \u00e0 un contrat pommes\/poires sans avoir un panier, il suffit d\u2019\u00eatre adh\u00e9rent \u00e0 l\u2019Amap.<\/p>\n","protected":false},"excerpt":{"rendered":"<p>Comme l&rsquo;ann\u00e9e derni\u00e8re, la Ferme de la Haye \u00e0 Villepreux nous propose un contrat pommes\/poires \u00e0 partir du 5 septembre 2025 et jusqu&rsquo;au 17 avril 2026. Cette fois-ci, vous avez au choix des paniers de 5kg et de 3kg tous les 15 jours en semaine paire.&nbsp;(Dates de distribution : 5 et 19 septembre &#8211; 3, &hellip; <\/p>\n<p class=\"link-more\"><a href=\"https:\/\/letangauxpetitsoignons.org\/index.php\/contrat-pomme-poire\/\" class=\"more-link\">Continuer la lecture<span class=\"screen-reader-text\"> de &laquo;&nbsp;Contrat Pommes \/ Poires&nbsp;&raquo;<\/span><\/a><\/p>\n","protected":false},"author":1,"featured_media":0,"parent":0,"menu_order":0,"comment_status":"closed","ping_status":"closed","template":"","meta":{"footnotes":""},"jetpack_sharing_enabled":true,"jetpack_likes_enabled":true,"_links":{"self":[{"href":"https:\/\/letangauxpetitsoignons.org\/index.php\/wp-json\/wp\/v2\/pages\/371"}],"collection":[{"href":"https:\/\/letangauxpetitsoignons.org\/index.php\/wp-json\/wp\/v2\/pages"}],"about":[{"href":"https:\/\/letangauxpetitsoignons.org\/index.php\/wp-json\/wp\/v2\/types\/page"}],"author":[{"embeddable":true,"href":"https:\/\/letangauxpetitsoignons.org\/index.php\/wp-json\/wp\/v2\/users\/1"}],"replies":[{"embeddable":true,"href":"https:\/\/letangauxpetitsoignons.org\/index.php\/wp-json\/wp\/v2\/comments?post=371"}],"version-history":[{"count":2,"href":"https:\/\/letangauxpetitsoignons.org\/index.php\/wp-json\/wp\/v2\/pages\/371\/revisions"}],"predecessor-version":[{"id":2380,"href":"https:\/\/letangauxpetitsoignons.org\/index.php\/wp-json\/wp\/v2\/pages\/371\/revisions\/2380"}],"wp:attachment":[{"href":"https:\/\/letangauxpetitsoignons.org\/index.php\/wp-json\/wp\/v2\/media?parent=371"}],"curies":[{"name":"wp","href":"https:\/\/api.w.org\/{rel}","templated":true}]}}