{"id":350,"date":"2021-06-30T17:09:02","date_gmt":"2021-06-30T15:09:02","guid":{"rendered":"https:\/\/letangauxpetitsoignons.org\/?page_id=350"},"modified":"2021-06-30T17:09:03","modified_gmt":"2021-06-30T15:09:03","slug":"espace-membre","status":"publish","type":"page","link":"https:\/\/letangauxpetitsoignons.org\/index.php\/espace-membre\/","title":{"rendered":"Espace membre"},"content":{"rendered":"\n<p>Amapiens de L&rsquo;Etang aux Petits Oignons, vous avez ici acc\u00e8s aux fonctions membres de notre association :<\/p>\n\n\n\n<p>connectez vous avec votre login \/ mot de passe en bas \u00e0 droite<\/p>\n\n\n\n<p>Vous pourrez alors acc\u00e9der aux diverses fonctions propos\u00e9es dans les sous menus<\/p>\n","protected":false},"excerpt":{"rendered":"<p>Amapiens de L&rsquo;Etang aux Petits Oignons, vous avez ici acc\u00e8s aux fonctions membres de notre association : connectez vous avec votre login \/ mot de passe en bas \u00e0 droite Vous pourrez alors acc\u00e9der aux diverses fonctions propos\u00e9es dans les sous menus<\/p>\n","protected":false},"author":1,"featured_media":0,"parent":0,"menu_order":0,"comment_status":"closed","ping_status":"closed","template":"","meta":{"footnotes":""},"jetpack_sharing_enabled":true,"jetpack_likes_enabled":true,"_links":{"self":[{"href":"https:\/\/letangauxpetitsoignons.org\/index.php\/wp-json\/wp\/v2\/pages\/350"}],"collection":[{"href":"https:\/\/letangauxpetitsoignons.org\/index.php\/wp-json\/wp\/v2\/pages"}],"about":[{"href":"https:\/\/letangauxpetitsoignons.org\/index.php\/wp-json\/wp\/v2\/types\/page"}],"author":[{"embeddable":true,"href":"https:\/\/letangauxpetitsoignons.org\/index.php\/wp-json\/wp\/v2\/users\/1"}],"replies":[{"embeddable":true,"href":"https:\/\/letangauxpetitsoignons.org\/index.php\/wp-json\/wp\/v2\/comments?post=350"}],"version-history":[{"count":0,"href":"https:\/\/letangauxpetitsoignons.org\/index.php\/wp-json\/wp\/v2\/pages\/350\/revisions"}],"wp:attachment":[{"href":"https:\/\/letangauxpetitsoignons.org\/index.php\/wp-json\/wp\/v2\/media?parent=350"}],"curies":[{"name":"wp","href":"https:\/\/api.w.org\/{rel}","templated":true}]}}