{"id":211,"date":"2021-06-08T22:28:31","date_gmt":"2021-06-08T20:28:31","guid":{"rendered":"https:\/\/letangauxpetitsoignons.org\/?page_id=211"},"modified":"2025-10-03T15:48:17","modified_gmt":"2025-10-03T13:48:17","slug":"adhesion","status":"publish","type":"page","link":"https:\/\/letangauxpetitsoignons.org\/index.php\/adhesion\/","title":{"rendered":"Adh\u00e9sion 2026"},"content":{"rendered":"\n<p>Veuillez trouver ci dessous le formulaire d&rsquo;adh\u00e9sion papier \u00e0 l&rsquo;AMAP L&rsquo;Etang aux petits Oignons. Celui ci doit nous \u00eatre retourn\u00e9 sign\u00e9 d\u00e8s votre adh\u00e9sion valid\u00e9e par le collectif.<\/p>\n\n\n\n<div class=\"wp-block-file\"><a id=\"wp-block-file--media-24dcd971-aee9-456e-87bf-92a77b8413b9\" href=\"https:\/\/letangauxpetitsoignons.org\/wp-content\/uploads\/2025\/10\/LEOPO-adhesion-2026.docx\">LEOPO-adhesion-2026<\/a><a href=\"https:\/\/letangauxpetitsoignons.org\/wp-content\/uploads\/2025\/10\/LEOPO-adhesion-2026.docx\" class=\"wp-block-file__button wp-element-button\" download aria-describedby=\"wp-block-file--media-24dcd971-aee9-456e-87bf-92a77b8413b9\">T\u00e9l\u00e9charger<\/a><\/div>\n\n\n\n<p>Paiement adh\u00e9sion ann\u00e9e 2026  de pr\u00e9f\u00e9rence par virement:<\/p>\n\n\n\n<p>Titulaire : ASSOC. L&rsquo;ETANG AUX PETITS OIGNON<br>Domiciliation : MARLY LE ROI<br>Code Banque : 18206<br>Code guichet : 00121<br>Num\u00e9ro de compte : 65073047670<br>Cl\u00e9 RIB : 17<br>IBAN (International bank account number) : FR76 18206 00121 65073047670 17<\/p>\n\n\n\n<p>bic AGRIFRPP882<\/p>\n\n\n\n<p><\/p>\n\n\n\n<p>Sinon un  ch\u00e8que de 20\u20ac  \u00e0 l&rsquo;ordre de L&rsquo;Etang aux Petits Oignons.<\/p>\n","protected":false},"excerpt":{"rendered":"<p>Veuillez trouver ci dessous le formulaire d&rsquo;adh\u00e9sion papier \u00e0 l&rsquo;AMAP L&rsquo;Etang aux petits Oignons. Celui ci doit nous \u00eatre retourn\u00e9 sign\u00e9 d\u00e8s votre adh\u00e9sion valid\u00e9e par le collectif. Paiement adh\u00e9sion ann\u00e9e 2026 de pr\u00e9f\u00e9rence par virement: Titulaire : ASSOC. L&rsquo;ETANG AUX PETITS OIGNONDomiciliation : MARLY LE ROICode Banque : 18206Code guichet : 00121Num\u00e9ro de compte &hellip; <\/p>\n<p class=\"link-more\"><a href=\"https:\/\/letangauxpetitsoignons.org\/index.php\/adhesion\/\" class=\"more-link\">Continuer la lecture<span class=\"screen-reader-text\"> de &laquo;&nbsp;Adh\u00e9sion 2026&nbsp;&raquo;<\/span><\/a><\/p>\n","protected":false},"author":13,"featured_media":0,"parent":0,"menu_order":0,"comment_status":"closed","ping_status":"closed","template":"","meta":{"footnotes":""},"jetpack_sharing_enabled":true,"jetpack_likes_enabled":true,"_links":{"self":[{"href":"https:\/\/letangauxpetitsoignons.org\/index.php\/wp-json\/wp\/v2\/pages\/211"}],"collection":[{"href":"https:\/\/letangauxpetitsoignons.org\/index.php\/wp-json\/wp\/v2\/pages"}],"about":[{"href":"https:\/\/letangauxpetitsoignons.org\/index.php\/wp-json\/wp\/v2\/types\/page"}],"author":[{"embeddable":true,"href":"https:\/\/letangauxpetitsoignons.org\/index.php\/wp-json\/wp\/v2\/users\/13"}],"replies":[{"embeddable":true,"href":"https:\/\/letangauxpetitsoignons.org\/index.php\/wp-json\/wp\/v2\/comments?post=211"}],"version-history":[{"count":3,"href":"https:\/\/letangauxpetitsoignons.org\/index.php\/wp-json\/wp\/v2\/pages\/211\/revisions"}],"predecessor-version":[{"id":2320,"href":"https:\/\/letangauxpetitsoignons.org\/index.php\/wp-json\/wp\/v2\/pages\/211\/revisions\/2320"}],"wp:attachment":[{"href":"https:\/\/letangauxpetitsoignons.org\/index.php\/wp-json\/wp\/v2\/media?parent=211"}],"curies":[{"name":"wp","href":"https:\/\/api.w.org\/{rel}","templated":true}]}}