{"id":1537,"date":"2024-05-20T22:06:33","date_gmt":"2024-05-20T20:06:33","guid":{"rendered":"https:\/\/letangauxpetitsoignons.org\/?page_id=1537"},"modified":"2024-06-26T11:21:08","modified_gmt":"2024-06-26T09:21:08","slug":"recette","status":"publish","type":"page","link":"https:\/\/letangauxpetitsoignons.org\/index.php\/recette\/","title":{"rendered":"Concours recette"},"content":{"rendered":"\n<p><strong><em>Partageons nos recettes pr\u00e9f\u00e9r\u00e9es r\u00e9alis\u00e9es avec les produits de l&rsquo;AMAP<\/em><\/strong><\/p>\n\n\n\n<p>Pour partager nos meilleures recettes et profitez au mieux des excellents produits de nos producteurs, l&rsquo;amap propose un concours de recettes avec un l\u00e9gume mis \u00e0 l&rsquo;honneur chaque mois.&nbsp;<\/p>\n\n\n\n<p>Les r\u00e8gles sont simples :&nbsp;<\/p>\n\n\n\n<p>* Proposez <strong>votre recette pr\u00e9f\u00e9r\u00e9e<\/strong>&nbsp;(une maximum par l\u00e9gume par famille), <strong>quand vous le souhaitez<\/strong>, gr\u00e2ce au formulaire disponible sur le site : \u00ab\u00a0l&rsquo;Etang aux petits oignons\u00a0\u00bb &gt; vie de l&rsquo;AMAP &gt; concours recette<\/p>\n\n\n\n<p>* R\u00e9alisez les recettes propos\u00e9es qui vous font envie (\u00ab\u00a0l&rsquo;Etang aux petits oignons\u00a0\u00bb &gt; vie de l&rsquo;AMAP &gt; recettes)<\/p>\n\n\n\n<p>* Votez pour vos recettes pr\u00e9f\u00e9r\u00e9es (recettes que vous avez test\u00e9es uniquement) en cliquant sur le (coeur)&nbsp;<\/p>\n\n\n\n<p>* Vote ouvert a tous, m\u00eame si vous n&rsquo;avez pas propos\u00e9 de recette.&nbsp;<\/p>\n\n\n\n<p>Et tentez ainsi de gagner un prix (recettes avec le plus de (coeur).&nbsp;<\/p>\n\n\n\n<p><\/p>\n\n\n\n<iframe loading=\"lazy\" class=\"airtable-embed\" src=\"https:\/\/airtable.com\/embed\/appM3DWRoXuLwSYpc\/pagcVu2ctNNNokxdc\/form\" frameborder=\"0\" onmousewheel=\"\" width=\"100%\" height=\"1533\" style=\"background: transparent; border: 1px solid #ccc;\"><\/iframe>\n\n\n\n<p><\/p>\n","protected":false},"excerpt":{"rendered":"<p>Partageons nos recettes pr\u00e9f\u00e9r\u00e9es r\u00e9alis\u00e9es avec les produits de l&rsquo;AMAP Pour partager nos meilleures recettes et profitez au mieux des excellents produits de nos producteurs, l&rsquo;amap propose un concours de recettes avec un l\u00e9gume mis \u00e0 l&rsquo;honneur chaque mois.&nbsp; Les r\u00e8gles sont simples :&nbsp; * Proposez votre recette pr\u00e9f\u00e9r\u00e9e&nbsp;(une maximum par l\u00e9gume par famille), quand &hellip; <\/p>\n<p class=\"link-more\"><a href=\"https:\/\/letangauxpetitsoignons.org\/index.php\/recette\/\" class=\"more-link\">Continuer la lecture<span class=\"screen-reader-text\"> de &laquo;&nbsp;Concours recette&nbsp;&raquo;<\/span><\/a><\/p>\n","protected":false},"author":92,"featured_media":1568,"parent":0,"menu_order":0,"comment_status":"closed","ping_status":"closed","template":"","meta":{"footnotes":""},"jetpack_sharing_enabled":true,"jetpack_likes_enabled":true,"_links":{"self":[{"href":"https:\/\/letangauxpetitsoignons.org\/index.php\/wp-json\/wp\/v2\/pages\/1537"}],"collection":[{"href":"https:\/\/letangauxpetitsoignons.org\/index.php\/wp-json\/wp\/v2\/pages"}],"about":[{"href":"https:\/\/letangauxpetitsoignons.org\/index.php\/wp-json\/wp\/v2\/types\/page"}],"author":[{"embeddable":true,"href":"https:\/\/letangauxpetitsoignons.org\/index.php\/wp-json\/wp\/v2\/users\/92"}],"replies":[{"embeddable":true,"href":"https:\/\/letangauxpetitsoignons.org\/index.php\/wp-json\/wp\/v2\/comments?post=1537"}],"version-history":[{"count":0,"href":"https:\/\/letangauxpetitsoignons.org\/index.php\/wp-json\/wp\/v2\/pages\/1537\/revisions"}],"wp:featuredmedia":[{"embeddable":true,"href":"https:\/\/letangauxpetitsoignons.org\/index.php\/wp-json\/wp\/v2\/media\/1568"}],"wp:attachment":[{"href":"https:\/\/letangauxpetitsoignons.org\/index.php\/wp-json\/wp\/v2\/media?parent=1537"}],"curies":[{"name":"wp","href":"https:\/\/api.w.org\/{rel}","templated":true}]}}