{"id":1248,"date":"2023-09-09T09:11:14","date_gmt":"2023-09-09T07:11:14","guid":{"rendered":"https:\/\/letangauxpetitsoignons.org\/?page_id=1248"},"modified":"2023-09-09T09:12:06","modified_gmt":"2023-09-09T07:12:06","slug":"nouveau-contrat-volaille-et-oeufs","status":"publish","type":"page","link":"https:\/\/letangauxpetitsoignons.org\/index.php\/nouveau-contrat-volaille-et-oeufs\/","title":{"rendered":"Nouveau contrat Volaille et \u0153ufs"},"content":{"rendered":"\n<p>Saison septembre \u00e0 d\u00e9cembre 2023<\/p>\n\n\n\n<p>Amapiens, venez profiter de notre nouveau contrat Volaille et \u0153ufs<\/p>\n\n\n\n<p><\/p>\n\n\n\n<figure class=\"wp-block-embed is-type-wp-embed is-provider-l-etang-aux-petits-oignons wp-block-embed-l-etang-aux-petits-oignons\"><div class=\"wp-block-embed__wrapper\">\n<blockquote class=\"wp-embedded-content\" data-secret=\"yliktb8Bcg\"><a href=\"https:\/\/letangauxpetitsoignons.org\/index.php\/contrat-volaille\/\">Contrat Volaille et oeufs<\/a><\/blockquote><iframe class=\"wp-embedded-content\" sandbox=\"allow-scripts\" security=\"restricted\" style=\"position: absolute; clip: rect(1px, 1px, 1px, 1px);\" title=\"\u00ab\u00a0Contrat Volaille et oeufs\u00a0\u00bb &#8212; L Etang aux petits oignons\" src=\"https:\/\/letangauxpetitsoignons.org\/index.php\/contrat-volaille\/embed\/#?secret=t43MFhGNX2#?secret=yliktb8Bcg\" data-secret=\"yliktb8Bcg\" width=\"525\" height=\"296\" frameborder=\"0\" marginwidth=\"0\" marginheight=\"0\" scrolling=\"no\"><\/iframe>\n<\/div><\/figure>\n","protected":false},"excerpt":{"rendered":"<p>Saison septembre \u00e0 d\u00e9cembre 2023 Amapiens, venez profiter de notre nouveau contrat Volaille et \u0153ufs<\/p>\n","protected":false},"author":1,"featured_media":594,"parent":0,"menu_order":0,"comment_status":"closed","ping_status":"closed","template":"","meta":{"footnotes":""},"jetpack_sharing_enabled":true,"jetpack_likes_enabled":true,"_links":{"self":[{"href":"https:\/\/letangauxpetitsoignons.org\/index.php\/wp-json\/wp\/v2\/pages\/1248"}],"collection":[{"href":"https:\/\/letangauxpetitsoignons.org\/index.php\/wp-json\/wp\/v2\/pages"}],"about":[{"href":"https:\/\/letangauxpetitsoignons.org\/index.php\/wp-json\/wp\/v2\/types\/page"}],"author":[{"embeddable":true,"href":"https:\/\/letangauxpetitsoignons.org\/index.php\/wp-json\/wp\/v2\/users\/1"}],"replies":[{"embeddable":true,"href":"https:\/\/letangauxpetitsoignons.org\/index.php\/wp-json\/wp\/v2\/comments?post=1248"}],"version-history":[{"count":0,"href":"https:\/\/letangauxpetitsoignons.org\/index.php\/wp-json\/wp\/v2\/pages\/1248\/revisions"}],"wp:featuredmedia":[{"embeddable":true,"href":"https:\/\/letangauxpetitsoignons.org\/index.php\/wp-json\/wp\/v2\/media\/594"}],"wp:attachment":[{"href":"https:\/\/letangauxpetitsoignons.org\/index.php\/wp-json\/wp\/v2\/media?parent=1248"}],"curies":[{"name":"wp","href":"https:\/\/api.w.org\/{rel}","templated":true}]}}